{"id":347,"date":"2021-09-29T07:53:09","date_gmt":"2021-09-29T07:53:09","guid":{"rendered":"http:\/\/metropolitanhost.com\/themes\/themeforest\/wp\/maharatri\/?post_type=product&#038;p=347"},"modified":"2025-09-20T07:42:18","modified_gmt":"2025-09-20T07:42:18","slug":"bhagavad-gita","status":"publish","type":"product","link":"https:\/\/naamhatttrust.com\/?product=bhagavad-gita","title":{"rendered":"Bhagavad Gita"},"content":{"rendered":"<p data-start=\"0\" data-end=\"278\">The <strong data-start=\"4\" data-end=\"21\">Bhagavad G\u012bt\u0101<\/strong> (often called the &#8220;Song of God&#8221;) is a 700-verse scripture, part of the Indian epic <strong data-start=\"105\" data-end=\"120\">Mah\u0101bh\u0101rata<\/strong> (Bh\u012b\u1e63ma Parva, Chapters 23\u201340). It is a dialogue between <strong data-start=\"178\" data-end=\"193\">\u015ar\u012b Krishna<\/strong> and <strong data-start=\"198\" data-end=\"208\">Arjuna<\/strong> on the battlefield of Kuruk\u1e63etra, just before the great war begins.<\/p>\n<p data-start=\"280\" data-end=\"407\">It is one of the most important spiritual classics of the world and is considered the essence of the <strong data-start=\"381\" data-end=\"404\">Vedas and Upani\u1e63ads<\/strong>.<\/p>\n","protected":false},"excerpt":{"rendered":"<p>The <strong data-start=\"4\" data-end=\"21\">Bhagavad G\u012bt\u0101<\/strong> (often called the &#8220;Song of God&#8221;) is a 700-verse scripture, part of the Indian epic <strong data-start=\"105\" data-end=\"120\">Mah\u0101bh\u0101rata<\/strong> (Bh\u012b\u1e63ma Parva, Chapters 23\u201340). It is a dialogue between <strong data-start=\"178\" data-end=\"193\">\u015ar\u012b Krishna<\/strong> and <strong data-start=\"198\" data-end=\"208\">Arjuna<\/strong> on the battlefield of Kuruk\u1e63etra, just before the great war begins<\/p>\n","protected":false},"featured_media":3272,"comment_status":"open","ping_status":"closed","template":"","meta":{"give_campaign_id":0},"product_brand":[],"product_cat":[42],"product_tag":[43,59],"class_list":{"0":"post-347","1":"product","2":"type-product","3":"status-publish","4":"has-post-thumbnail","6":"product_cat-book","7":"product_tag-book","8":"product_tag-gita","10":"first","11":"outofstock","12":"taxable","13":"shipping-taxable","14":"purchasable","15":"product-type-simple"},"yoast_head":"<!-- This site is optimized with the Yoast SEO plugin v26.0 - https:\/\/yoast.com\/wordpress\/plugins\/seo\/ -->\n<title>Bhagavad Gita - Naam Hatt Trust<\/title>\n<meta name=\"robots\" content=\"index, follow, max-snippet:-1, max-image-preview:large, max-video-preview:-1\" \/>\n<link rel=\"canonical\" href=\"https:\/\/naamhatttrust.com\/?product=bhagavad-gita\" \/>\n<meta property=\"og:locale\" content=\"en_US\" \/>\n<meta property=\"og:type\" content=\"article\" \/>\n<meta property=\"og:title\" content=\"Bhagavad Gita - Naam Hatt Trust\" \/>\n<meta property=\"og:description\" content=\"The Bhagavad G\u012bt\u0101 (often called the &quot;Song of God&quot;) is a 700-verse scripture, part of the Indian epic Mah\u0101bh\u0101rata (Bh\u012b\u1e63ma Parva, Chapters 23\u201340). It is a dialogue between \u015ar\u012b Krishna and Arjuna on the battlefield of Kuruk\u1e63etra, just before the great war begins\" \/>\n<meta property=\"og:url\" content=\"https:\/\/naamhatttrust.com\/?product=bhagavad-gita\" \/>\n<meta property=\"og:site_name\" content=\"Naam Hatt Trust\" \/>\n<meta property=\"article:modified_time\" content=\"2025-09-20T07:42:18+00:00\" \/>\n<meta property=\"og:image\" content=\"https:\/\/naamhatttrust.com\/wp-content\/uploads\/2021\/09\/13-1-1.jpg\" \/>\n\t<meta property=\"og:image:width\" content=\"600\" \/>\n\t<meta property=\"og:image:height\" content=\"600\" \/>\n\t<meta property=\"og:image:type\" content=\"image\/jpeg\" \/>\n<meta name=\"twitter:card\" content=\"summary_large_image\" \/>\n<meta name=\"twitter:label1\" content=\"Est. reading time\" \/>\n\t<meta name=\"twitter:data1\" content=\"1 minute\" \/>\n<script type=\"application\/ld+json\" class=\"yoast-schema-graph\">{\"@context\":\"https:\/\/schema.org\",\"@graph\":[{\"@type\":\"WebPage\",\"@id\":\"https:\/\/naamhatttrust.com\/?product=bhagavad-gita\",\"url\":\"https:\/\/naamhatttrust.com\/?product=bhagavad-gita\",\"name\":\"Bhagavad Gita - Naam Hatt Trust\",\"isPartOf\":{\"@id\":\"https:\/\/naamhatttrust.com\/#website\"},\"primaryImageOfPage\":{\"@id\":\"https:\/\/naamhatttrust.com\/?product=bhagavad-gita#primaryimage\"},\"image\":{\"@id\":\"https:\/\/naamhatttrust.com\/?product=bhagavad-gita#primaryimage\"},\"thumbnailUrl\":\"https:\/\/naamhatttrust.com\/wp-content\/uploads\/2021\/09\/13-1-1.jpg\",\"datePublished\":\"2021-09-29T07:53:09+00:00\",\"dateModified\":\"2025-09-20T07:42:18+00:00\",\"breadcrumb\":{\"@id\":\"https:\/\/naamhatttrust.com\/?product=bhagavad-gita#breadcrumb\"},\"inLanguage\":\"en-US\",\"potentialAction\":[{\"@type\":\"ReadAction\",\"target\":[\"https:\/\/naamhatttrust.com\/?product=bhagavad-gita\"]}]},{\"@type\":\"ImageObject\",\"inLanguage\":\"en-US\",\"@id\":\"https:\/\/naamhatttrust.com\/?product=bhagavad-gita#primaryimage\",\"url\":\"https:\/\/naamhatttrust.com\/wp-content\/uploads\/2021\/09\/13-1-1.jpg\",\"contentUrl\":\"https:\/\/naamhatttrust.com\/wp-content\/uploads\/2021\/09\/13-1-1.jpg\",\"width\":600,\"height\":600},{\"@type\":\"BreadcrumbList\",\"@id\":\"https:\/\/naamhatttrust.com\/?product=bhagavad-gita#breadcrumb\",\"itemListElement\":[{\"@type\":\"ListItem\",\"position\":1,\"name\":\"Home\",\"item\":\"https:\/\/naamhatttrust.com\/\"},{\"@type\":\"ListItem\",\"position\":2,\"name\":\"Shop\",\"item\":\"https:\/\/naamhatttrust.com\/?page_id=2818\"},{\"@type\":\"ListItem\",\"position\":3,\"name\":\"Bhagavad Gita\"}]},{\"@type\":\"WebSite\",\"@id\":\"https:\/\/naamhatttrust.com\/#website\",\"url\":\"https:\/\/naamhatttrust.com\/\",\"name\":\"Naam Hatt Trust\",\"description\":\"\",\"publisher\":{\"@id\":\"https:\/\/naamhatttrust.com\/#organization\"},\"potentialAction\":[{\"@type\":\"SearchAction\",\"target\":{\"@type\":\"EntryPoint\",\"urlTemplate\":\"https:\/\/naamhatttrust.com\/?s={search_term_string}\"},\"query-input\":{\"@type\":\"PropertyValueSpecification\",\"valueRequired\":true,\"valueName\":\"search_term_string\"}}],\"inLanguage\":\"en-US\"},{\"@type\":\"Organization\",\"@id\":\"https:\/\/naamhatttrust.com\/#organization\",\"name\":\"Naam Hatt Trust\",\"url\":\"https:\/\/naamhatttrust.com\/\",\"logo\":{\"@type\":\"ImageObject\",\"inLanguage\":\"en-US\",\"@id\":\"https:\/\/naamhatttrust.com\/#\/schema\/logo\/image\/\",\"url\":\"https:\/\/naamhatttrust.com\/wp-content\/uploads\/2025\/09\/cropped-photo_2023-09-14_13-42-09.jpg\",\"contentUrl\":\"https:\/\/naamhatttrust.com\/wp-content\/uploads\/2025\/09\/cropped-photo_2023-09-14_13-42-09.jpg\",\"width\":405,\"height\":431,\"caption\":\"Naam Hatt Trust\"},\"image\":{\"@id\":\"https:\/\/naamhatttrust.com\/#\/schema\/logo\/image\/\"}}]}<\/script>\n<!-- \/ Yoast SEO plugin. -->","yoast_head_json":{"title":"Bhagavad Gita - Naam Hatt Trust","robots":{"index":"index","follow":"follow","max-snippet":"max-snippet:-1","max-image-preview":"max-image-preview:large","max-video-preview":"max-video-preview:-1"},"canonical":"https:\/\/naamhatttrust.com\/?product=bhagavad-gita","og_locale":"en_US","og_type":"article","og_title":"Bhagavad Gita - Naam Hatt Trust","og_description":"The Bhagavad G\u012bt\u0101 (often called the \"Song of God\") is a 700-verse scripture, part of the Indian epic Mah\u0101bh\u0101rata (Bh\u012b\u1e63ma Parva, Chapters 23\u201340). It is a dialogue between \u015ar\u012b Krishna and Arjuna on the battlefield of Kuruk\u1e63etra, just before the great war begins","og_url":"https:\/\/naamhatttrust.com\/?product=bhagavad-gita","og_site_name":"Naam Hatt Trust","article_modified_time":"2025-09-20T07:42:18+00:00","og_image":[{"width":600,"height":600,"url":"https:\/\/naamhatttrust.com\/wp-content\/uploads\/2021\/09\/13-1-1.jpg","type":"image\/jpeg"}],"twitter_card":"summary_large_image","twitter_misc":{"Est. reading time":"1 minute"},"schema":{"@context":"https:\/\/schema.org","@graph":[{"@type":"WebPage","@id":"https:\/\/naamhatttrust.com\/?product=bhagavad-gita","url":"https:\/\/naamhatttrust.com\/?product=bhagavad-gita","name":"Bhagavad Gita - Naam Hatt Trust","isPartOf":{"@id":"https:\/\/naamhatttrust.com\/#website"},"primaryImageOfPage":{"@id":"https:\/\/naamhatttrust.com\/?product=bhagavad-gita#primaryimage"},"image":{"@id":"https:\/\/naamhatttrust.com\/?product=bhagavad-gita#primaryimage"},"thumbnailUrl":"https:\/\/naamhatttrust.com\/wp-content\/uploads\/2021\/09\/13-1-1.jpg","datePublished":"2021-09-29T07:53:09+00:00","dateModified":"2025-09-20T07:42:18+00:00","breadcrumb":{"@id":"https:\/\/naamhatttrust.com\/?product=bhagavad-gita#breadcrumb"},"inLanguage":"en-US","potentialAction":[{"@type":"ReadAction","target":["https:\/\/naamhatttrust.com\/?product=bhagavad-gita"]}]},{"@type":"ImageObject","inLanguage":"en-US","@id":"https:\/\/naamhatttrust.com\/?product=bhagavad-gita#primaryimage","url":"https:\/\/naamhatttrust.com\/wp-content\/uploads\/2021\/09\/13-1-1.jpg","contentUrl":"https:\/\/naamhatttrust.com\/wp-content\/uploads\/2021\/09\/13-1-1.jpg","width":600,"height":600},{"@type":"BreadcrumbList","@id":"https:\/\/naamhatttrust.com\/?product=bhagavad-gita#breadcrumb","itemListElement":[{"@type":"ListItem","position":1,"name":"Home","item":"https:\/\/naamhatttrust.com\/"},{"@type":"ListItem","position":2,"name":"Shop","item":"https:\/\/naamhatttrust.com\/?page_id=2818"},{"@type":"ListItem","position":3,"name":"Bhagavad Gita"}]},{"@type":"WebSite","@id":"https:\/\/naamhatttrust.com\/#website","url":"https:\/\/naamhatttrust.com\/","name":"Naam Hatt Trust","description":"","publisher":{"@id":"https:\/\/naamhatttrust.com\/#organization"},"potentialAction":[{"@type":"SearchAction","target":{"@type":"EntryPoint","urlTemplate":"https:\/\/naamhatttrust.com\/?s={search_term_string}"},"query-input":{"@type":"PropertyValueSpecification","valueRequired":true,"valueName":"search_term_string"}}],"inLanguage":"en-US"},{"@type":"Organization","@id":"https:\/\/naamhatttrust.com\/#organization","name":"Naam Hatt Trust","url":"https:\/\/naamhatttrust.com\/","logo":{"@type":"ImageObject","inLanguage":"en-US","@id":"https:\/\/naamhatttrust.com\/#\/schema\/logo\/image\/","url":"https:\/\/naamhatttrust.com\/wp-content\/uploads\/2025\/09\/cropped-photo_2023-09-14_13-42-09.jpg","contentUrl":"https:\/\/naamhatttrust.com\/wp-content\/uploads\/2025\/09\/cropped-photo_2023-09-14_13-42-09.jpg","width":405,"height":431,"caption":"Naam Hatt Trust"},"image":{"@id":"https:\/\/naamhatttrust.com\/#\/schema\/logo\/image\/"}}]}},"_links":{"self":[{"href":"https:\/\/naamhatttrust.com\/index.php?rest_route=\/wp\/v2\/product\/347","targetHints":{"allow":["GET"]}}],"collection":[{"href":"https:\/\/naamhatttrust.com\/index.php?rest_route=\/wp\/v2\/product"}],"about":[{"href":"https:\/\/naamhatttrust.com\/index.php?rest_route=\/wp\/v2\/types\/product"}],"replies":[{"embeddable":true,"href":"https:\/\/naamhatttrust.com\/index.php?rest_route=%2Fwp%2Fv2%2Fcomments&post=347"}],"wp:featuredmedia":[{"embeddable":true,"href":"https:\/\/naamhatttrust.com\/index.php?rest_route=\/wp\/v2\/media\/3272"}],"wp:attachment":[{"href":"https:\/\/naamhatttrust.com\/index.php?rest_route=%2Fwp%2Fv2%2Fmedia&parent=347"}],"wp:term":[{"taxonomy":"product_brand","embeddable":true,"href":"https:\/\/naamhatttrust.com\/index.php?rest_route=%2Fwp%2Fv2%2Fproduct_brand&post=347"},{"taxonomy":"product_cat","embeddable":true,"href":"https:\/\/naamhatttrust.com\/index.php?rest_route=%2Fwp%2Fv2%2Fproduct_cat&post=347"},{"taxonomy":"product_tag","embeddable":true,"href":"https:\/\/naamhatttrust.com\/index.php?rest_route=%2Fwp%2Fv2%2Fproduct_tag&post=347"}],"curies":[{"name":"wp","href":"https:\/\/api.w.org\/{rel}","templated":true}]}}